{"id":30,"date":"2023-04-27T08:01:14","date_gmt":"2023-04-27T08:01:14","guid":{"rendered":"https:\/\/peaceful-nightingale.217-182-175-100.plesk.page\/?page_id=30"},"modified":"2023-06-26T09:46:54","modified_gmt":"2023-06-26T09:46:54","slug":"accesibilidad","status":"publish","type":"page","link":"https:\/\/farmacialauramateos.es\/index.php\/accesibilidad\/","title":{"rendered":"Accesibilidad"},"content":{"rendered":"<p>[et_pb_section fb_built=\u00bb1&#8243; _builder_version=\u00bb4.20.2&#8243; _module_preset=\u00bbdefault\u00bb global_colors_info=\u00bb{}\u00bb][et_pb_row _builder_version=\u00bb4.20.2&#8243; _module_preset=\u00bbdefault\u00bb global_colors_info=\u00bb{}\u00bb][et_pb_column type=\u00bb4_4&#8243; _builder_version=\u00bb4.20.2&#8243; _module_preset=\u00bbdefault\u00bb global_colors_info=\u00bb{}\u00bb][et_pb_text _builder_version=\u00bb4.20.2&#8243; _module_preset=\u00bbdefault\u00bb text_font_size=\u00bb32px\u00bb global_colors_info=\u00bb{}\u00bb]<\/p>\n<p><strong>ACCESIBILIDAD<\/strong><\/p>\n<p>[\/et_pb_text][et_pb_text _builder_version=\u00bb4.20.2&#8243; _module_preset=\u00bbdefault\u00bb hover_enabled=\u00bb0&#8243; global_colors_info=\u00bb{}\u00bb sticky_enabled=\u00bb0&#8243;]<\/p>\n<p><strong>Pol\u00edtica de accesibilidad<\/strong><\/p>\n<p>La empresa Farmacia Laura Mateos Grande se ha comprometido a hacer accesible su sitio web de conformidad con el Real Decreto 1112\/2018, de 7 de septiembre, sobre accesibilidad de los sitios web y aplicaciones para dispositivos m\u00f3viles del sector p\u00fablico, o desarrollos financiados desde Europa.<\/p>\n<p>La presente declaraci\u00f3n de accesibilidad se aplica al sitio\u00a0web\u00a0 <a href=\"https:\/\/farmacialauramateos.com\/\" target=\"_blank\" rel=\"noopener\">https:\/\/farmacialauramateos.com\/<\/a>\u00a0excluyendo los contenidos incrustados provenientes de otros dominios.<\/p>\n<p><strong>Situaci\u00f3n de cumplimiento<\/strong><\/p>\n<p>Este sitio web es Parcialmente conforme con el RD 1112\/2018 debido a la falta de conformidad de los aspectos que se indican a continuaci\u00f3n.<\/p>\n<p><strong>Contenido no accesible<\/strong><\/p>\n<p>El contenido que se recoge a continuaci\u00f3n no es accesible por los siguientes motivos:<\/p>\n<ul>\n<li>Falta de conformidad:<\/li>\n<ul>\n<li>Puede existir elementos de encabezado incorrectamente implementados, o cuyo orden l\u00f3gico no sea el correcto &#8211; Requisito n\u00famero 9.1.3.1 Informaci\u00f3n y relaciones de UNE-EN 301549:2022<\/li>\n<li>En los formularios, puede haber campos que no se hayan facilitado su rellenado a trav\u00e9s de sistemas autom\u00e1ticos \u2013 Requisito 9.1.3.5 Identificar el prop\u00f3sito de la entrada UNE-EN 301549:2022<\/li>\n<li>Pueden existir algunos enlaces cuyo foco no se muestra &#8211; Requisito n\u00famero 9.2.4.7 Foco visible de UNE-EN 301549:2020<\/li>\n<li>Podr\u00edan existir fallos puntuales de edici\u00f3n en alguna p\u00e1gina web.<\/li>\n<\/ul>\n<li>Carga desproporcionada: No resulta aplicable.<\/li>\n<li>El contenido no entra dentro del \u00e1mbito de la legislaci\u00f3n aplicable.<\/li>\n<\/ul>\n<p>Podr\u00edan existir archivos ofim\u00e1ticos en PDF u otros formatos publicados antes del 20 de septiembre de 2018 que no cumplan en su totalidad todos los requisitos de accesibilidad.<br \/>Puede haber contenidos de terceros que no est\u00e9n desarrollados en esta Unidad, ni bajo su control, como archivos ofim\u00e1ticos de diferentes organismos que deban publicarse en este sitio.<\/p>\n<p><strong>Observaciones y datos de contacto<\/strong><\/p>\n<p>Puede realizar comunicaciones sobre requisitos de accesibilidad [art\u00edculo 10.2.a) del RD 1112\/2018] como, por ejemplo:<\/p>\n<ul>\n<li>Informar sobre cualquier posible incumplimiento por parte de este sitio web.<\/li>\n<li>Transmitir otras dificultades de acceso al contenido.<\/li>\n<li>Formular cualquier otra consulta o sugerencia de mejora relativa a la accesibilidad del sitio web a trav\u00e9s del siguiente\u00a0<a href=\"\/contactenos\"><strong>formulario de contacto <\/strong><\/a>o llamando al <strong>tel\u00e9fono <a data-dtype=\"d3ph\" data-local-attribute=\"d3ph\" jscontroller=\"LWZElb\" href=\"https:\/\/www.google.com\/search?q=farmacia+Laura+Mateos+Grande&amp;oq=farmacia+Laura+Mateos+Grande&amp;aqs=chrome..69i57j0i512j69i64l3.3599j0j7&amp;sourceid=chrome&amp;ie=UTF-8#\" jsdata=\"QKGTRc;_;AWSbqU\" jsaction=\"rcuQ6b:npT2md;F75qrd\" data-ved=\"2ahUKEwiNhvbQzcn-AhUWi_0HHUQLCEsQkAgoAHoECEEQAw\" target=\"_blank\" rel=\"noopener\"><span aria-label=\"Llamar al n\u00famero de tel\u00e9fono 926 50 86 55\">926 50 86 55<\/span><\/a>\u00a0de 9 a 14 horas de lunes a viernes.<\/strong><\/li>\n<\/ul>\n<p>Puede presentar:<\/p>\n<ul>\n<li>Una queja relativa al cumplimiento de los requisitos del RD 1112\/2018<\/li>\n<li>Una solicitud de informaci\u00f3n accesible relativa a:\n<ul>\n<li>Contenidos que est\u00e1n excluidos del \u00e1mbito de aplicaci\u00f3n del RD 1112\/2018 seg\u00fan lo establecido por el art\u00edculo 3, apartado 4.<\/li>\n<li>Contenidos que est\u00e1n exentos del cumplimiento de los requisitos de accesibilidad por imponer una carga desproporcionada.<\/li>\n<\/ul>\n<\/li>\n<\/ul>\n<p>En la solicitud de informaci\u00f3n accesible, se debe concretar, con toda claridad, los hechos, razones y petici\u00f3n que permitan constatar que se trata de una solicitud razonable y leg\u00edtima.<\/p>\n<p>[\/et_pb_text][\/et_pb_column][\/et_pb_row][\/et_pb_section]<\/p>\n","protected":false},"excerpt":{"rendered":"<p>ACCESIBILIDADPol\u00edtica de accesibilidad La empresa Farmacia Laura Mateos Grande se ha comprometido a hacer accesible su sitio web de conformidad con el Real Decreto 1112\/2018, de 7 de septiembre, sobre accesibilidad de los sitios web y aplicaciones para dispositivos m\u00f3viles del sector p\u00fablico, o desarrollos financiados desde Europa. La presente declaraci\u00f3n de accesibilidad se aplica [&hellip;]<\/p>\n","protected":false},"author":1,"featured_media":0,"parent":0,"menu_order":0,"comment_status":"closed","ping_status":"closed","template":"","meta":{"_et_pb_use_builder":"on","_et_pb_old_content":"","_et_gb_content_width":"","inline_featured_image":false,"footnotes":""},"class_list":["post-30","page","type-page","status-publish","hentry"],"_links":{"self":[{"href":"https:\/\/farmacialauramateos.es\/index.php\/wp-json\/wp\/v2\/pages\/30","targetHints":{"allow":["GET"]}}],"collection":[{"href":"https:\/\/farmacialauramateos.es\/index.php\/wp-json\/wp\/v2\/pages"}],"about":[{"href":"https:\/\/farmacialauramateos.es\/index.php\/wp-json\/wp\/v2\/types\/page"}],"author":[{"embeddable":true,"href":"https:\/\/farmacialauramateos.es\/index.php\/wp-json\/wp\/v2\/users\/1"}],"replies":[{"embeddable":true,"href":"https:\/\/farmacialauramateos.es\/index.php\/wp-json\/wp\/v2\/comments?post=30"}],"version-history":[{"count":4,"href":"https:\/\/farmacialauramateos.es\/index.php\/wp-json\/wp\/v2\/pages\/30\/revisions"}],"predecessor-version":[{"id":110,"href":"https:\/\/farmacialauramateos.es\/index.php\/wp-json\/wp\/v2\/pages\/30\/revisions\/110"}],"wp:attachment":[{"href":"https:\/\/farmacialauramateos.es\/index.php\/wp-json\/wp\/v2\/media?parent=30"}],"curies":[{"name":"wp","href":"https:\/\/api.w.org\/{rel}","templated":true}]}}