{"id":274,"date":"2024-05-03T08:28:03","date_gmt":"2024-05-03T08:28:03","guid":{"rendered":"https:\/\/farmacialauramateos.es\/?page_id=274"},"modified":"2024-08-26T09:59:00","modified_gmt":"2024-08-26T09:59:00","slug":"soy-farmacia","status":"publish","type":"page","link":"https:\/\/farmacialauramateos.es\/index.php\/soy-farmacia\/","title":{"rendered":"Soy Farmacia"},"content":{"rendered":"<p>[et_pb_section fb_built=\u00bb1&#8243; _builder_version=\u00bb4.25.0&#8243; _module_preset=\u00bbdefault\u00bb global_colors_info=\u00bb{}\u00bb][et_pb_row _builder_version=\u00bb4.19.2&#8243; _module_preset=\u00bbdefault\u00bb custom_padding=\u00bb||4px|||\u00bb locked=\u00bboff\u00bb global_colors_info=\u00bb{}\u00bb][et_pb_column type=\u00bb4_4&#8243; _builder_version=\u00bb4.19.2&#8243; _module_preset=\u00bbdefault\u00bb global_colors_info=\u00bb{}\u00bb][et_pb_text _builder_version=\u00bb4.25.0&#8243; _module_preset=\u00bb_initial\u00bb text_font=\u00bbWork Sans||||||||\u00bb text_text_color=\u00bb#1d78c0&#8243; header_font=\u00bbMontserrat|700|||||||\u00bb header_text_color=\u00bb#1a6b6a\u00bb header_font_size=\u00bb60px\u00bb custom_margin=\u00bb||10px||false|false\u00bb global_colors_info=\u00bb{}\u00bb]<\/p>\n<h1>Soy Farmacia<\/h1>\n<p>[\/et_pb_text][\/et_pb_column][\/et_pb_row][et_pb_row column_structure=\u00bb1_2,1_2&#8243; _builder_version=\u00bb4.25.0&#8243; _module_preset=\u00bbdefault\u00bb global_colors_info=\u00bb{}\u00bb][et_pb_column type=\u00bb1_2&#8243; _builder_version=\u00bb4.25.0&#8243; _module_preset=\u00bbdefault\u00bb global_colors_info=\u00bb{}\u00bb][et_pb_toggle title=\u00bbTengo contrato\u00bb open_toggle_text_color=\u00bb#194847&#8243; _builder_version=\u00bb4.25.0&#8243; _module_preset=\u00bbdefault\u00bb title_text_color=\u00bb#194847&#8243; title_font=\u00bbMontserrat|700|||||||\u00bb title_font_size=\u00bb20px\u00bb width=\u00bb100%\u00bb custom_margin=\u00bb|-26px||||\u00bb global_colors_info=\u00bb{}\u00bb]<\/p>\n<p><span>Para pedir una f\u00f3rmula magistral para un paciente de su farmacia debe rellenar el formulario de solicitud de f\u00f3rmula magistral proporcionado y adjuntar una copia\/foto de la receta de su paciente.<\/span><\/p>\n\n<div class=\"wpcf7 no-js\" id=\"wpcf7-f278-o1\" lang=\"es-ES\" dir=\"ltr\">\n<div class=\"screen-reader-response\"><p role=\"status\" aria-live=\"polite\" aria-atomic=\"true\"><\/p> <ul><\/ul><\/div>\n<form action=\"\/index.php\/wp-json\/wp\/v2\/pages\/274#wpcf7-f278-o1\" method=\"post\" class=\"wpcf7-form init\" aria-label=\"Formulario de contacto\" enctype=\"multipart\/form-data\" novalidate=\"novalidate\" data-status=\"init\">\n<div style=\"display: none;\">\n<input type=\"hidden\" name=\"_wpcf7\" value=\"278\" \/>\n<input type=\"hidden\" name=\"_wpcf7_version\" value=\"5.9.4\" \/>\n<input type=\"hidden\" name=\"_wpcf7_locale\" value=\"es_ES\" \/>\n<input type=\"hidden\" name=\"_wpcf7_unit_tag\" value=\"wpcf7-f278-o1\" \/>\n<input type=\"hidden\" name=\"_wpcf7_container_post\" value=\"0\" \/>\n<input type=\"hidden\" name=\"_wpcf7_posted_data_hash\" value=\"\" \/>\n<\/div>\n<p><label> Titular de la farmacia<br \/>\n<span class=\"wpcf7-form-control-wrap\" data-name=\"your-last-name\"><input size=\"40\" class=\"wpcf7-form-control wpcf7-text wpcf7-validates-as-required\" autocomplete=\"last-name\" aria-required=\"true\" aria-invalid=\"false\" value=\"\" type=\"text\" name=\"your-last-name\" \/><\/span> <\/label>\n<\/p>\n<p><label> Apellidos<br \/>\n<span class=\"wpcf7-form-control-wrap\" data-name=\"Apellidos\"><input size=\"40\" class=\"wpcf7-form-control wpcf7-text Apellidos\" aria-invalid=\"false\" value=\"\" type=\"text\" name=\"Apellidos\" \/><\/span> <\/label>\n<\/p>\n<p><label> Persona que hace el encargo<br \/>\n<span class=\"wpcf7-form-control-wrap\" data-name=\"Personaquehaceelencargo\"><input size=\"40\" class=\"wpcf7-form-control wpcf7-text wpcf7-validates-as-required\" aria-required=\"true\" aria-invalid=\"false\" value=\"\" type=\"text\" name=\"Personaquehaceelencargo\" \/><\/span> <\/label>\n<\/p>\n<p><label> Tel\u00e9fono<br \/>\n<span class=\"wpcf7-form-control-wrap\" data-name=\"your-telephone\"><input size=\"40\" class=\"wpcf7-form-control wpcf7-text wpcf7-validates-as-required\" autocomplete=\"telephone\" aria-required=\"true\" aria-invalid=\"false\" value=\"\" type=\"text\" name=\"your-telephone\" \/><\/span> <\/label>\n<\/p>\n<p><label> Tu correo electr\u00f3nico<br \/>\n<span class=\"wpcf7-form-control-wrap\" data-name=\"your-email\"><input size=\"40\" class=\"wpcf7-form-control wpcf7-email wpcf7-validates-as-required wpcf7-text wpcf7-validates-as-email\" autocomplete=\"email\" aria-required=\"true\" aria-invalid=\"false\" value=\"\" type=\"email\" name=\"your-email\" \/><\/span> <\/label>\n<\/p>\n<p><label> C\u00f3digo postal de la farmacia<br \/>\n<span class=\"wpcf7-form-control-wrap\" data-name=\"Codigopostal\"><input size=\"40\" class=\"wpcf7-form-control wpcf7-text wpcf7-validates-as-required Codigo postal\" aria-required=\"true\" aria-invalid=\"false\" value=\"\" type=\"text\" name=\"Codigopostal\" \/><\/span> <\/label>\n<\/p>\n<p><label> Nombre de l paciente<br \/>\n<span class=\"wpcf7-form-control-wrap\" data-name=\"Nombredelpaciente\"><input size=\"40\" class=\"wpcf7-form-control wpcf7-text wpcf7-validates-as-required nombre del paciente\" aria-required=\"true\" aria-invalid=\"false\" value=\"\" type=\"text\" name=\"Nombredelpaciente\" \/><\/span> <\/label>\n<\/p>\n<p><label> A\u00f1o de nacimiento del paciente<br \/>\n<span class=\"wpcf7-form-control-wrap\" data-name=\"your-year-of-birth\"><input size=\"40\" class=\"wpcf7-form-control wpcf7-text wpcf7-validates-as-required\" autocomplete=\"year-of-birth\" aria-required=\"true\" aria-invalid=\"false\" value=\"\" type=\"text\" name=\"your-year-of-birth\" \/><\/span> <\/label>\n<\/p>\n<p><label> DNI del paciente<br \/>\n<span class=\"wpcf7-form-control-wrap\" data-name=\"your-DNI\"><input size=\"40\" class=\"wpcf7-form-control wpcf7-text wpcf7-validates-as-required\" autocomplete=\"DNI\" aria-required=\"true\" aria-invalid=\"false\" value=\"\" type=\"text\" name=\"your-DNI\" \/><\/span> <\/label>\n<\/p>\n<p><label> Nombre del m\u00e9dico<br \/>\n<span class=\"wpcf7-form-control-wrap\" data-name=\"Nombredelmedico\"><input size=\"40\" class=\"wpcf7-form-control wpcf7-text wpcf7-validates-as-required nombre del medico\" aria-required=\"true\" aria-invalid=\"false\" value=\"\" type=\"text\" name=\"Nombredelmedico\" \/><\/span> <\/label>\n<\/p>\n<p><label> N\u00famero de colegiado<br \/>\n<span class=\"wpcf7-form-control-wrap\" data-name=\"Numerocolegiado\"><input size=\"40\" class=\"wpcf7-form-control wpcf7-text Colegiado\" aria-invalid=\"false\" value=\"\" type=\"text\" name=\"Numerocolegiado\" \/><\/span> <\/label>\n<\/p>\n<p><label> Direcci\u00f3n donde ejerce<br \/>\n<span class=\"wpcf7-form-control-wrap\" data-name=\"Direcion\"><input size=\"40\" class=\"wpcf7-form-control wpcf7-text Direccion donde ejerce\" aria-invalid=\"false\" value=\"\" type=\"text\" name=\"Direcion\" \/><\/span> <\/label>\n<\/p>\n<p><label> Cantidad a elaborar o n\u00famero de envases<br \/>\n<span class=\"wpcf7-form-control-wrap\" data-name=\"Cantidad\"><input size=\"40\" class=\"wpcf7-form-control wpcf7-text Cantidad a elaborar\" aria-invalid=\"false\" value=\"\" type=\"text\" name=\"Cantidad\" \/><\/span> <\/label>\n<\/p>\n<p><label> Entrega <\/label>\n<\/p>\n<p><span class=\"wpcf7-form-control-wrap\" data-name=\"checkbox-536\"><span class=\"wpcf7-form-control wpcf7-checkbox wpcf7-validates-as-required\"><span class=\"wpcf7-list-item first\"><label><input type=\"checkbox\" name=\"checkbox-536[]\" value=\"Recogida en farmacia\" \/><span class=\"wpcf7-list-item-label\">Recogida en farmacia<\/span><\/label><\/span><span class=\"wpcf7-list-item\"><label><input type=\"checkbox\" name=\"checkbox-536[]\" value=\"Env\u00edo COFARES\" \/><span class=\"wpcf7-list-item-label\">Env\u00edo COFARES<\/span><\/label><\/span><span class=\"wpcf7-list-item\"><label><input type=\"checkbox\" name=\"checkbox-536[]\" value=\"Env\u00edo HEFAME\" \/><span class=\"wpcf7-list-item-label\">Env\u00edo HEFAME<\/span><\/label><\/span><span class=\"wpcf7-list-item last\"><label><input type=\"checkbox\" name=\"checkbox-536[]\" value=\"Env\u00edo mensajer\u00eda farmacia\" \/><span class=\"wpcf7-list-item-label\">Env\u00edo mensajer\u00eda farmacia<\/span><\/label><\/span><\/span><\/span>\n<\/p>\n<p><label> Observaciones<br \/>\n<span class=\"wpcf7-form-control-wrap\" data-name=\"Observaciones\"><textarea cols=\"40\" rows=\"10\" class=\"wpcf7-form-control wpcf7-textarea Observaciones\" aria-invalid=\"false\" name=\"Observaciones\"><\/textarea><\/span> <\/label>\n<\/p>\n<p><label> Adjuntar receta<br \/>\n<span class=\"wpcf7-form-control-wrap\" data-name=\"file-615\"><input size=\"40\" class=\"wpcf7-form-control wpcf7-file wpcf7-validates-as-required\" accept=\".jpg,.png,.pdf,.xls,.doc\" aria-required=\"true\" aria-invalid=\"false\" type=\"file\" name=\"file-615\" \/><\/span> <\/label>\n<\/p>\n<p><label> He leido y acepto la pol\u00edtica de privacidad<br \/>\n<span class=\"wpcf7-form-control-wrap\" data-name=\"Aceptar\"><span class=\"wpcf7-form-control wpcf7-acceptance optional\"><span class=\"wpcf7-list-item\"><input type=\"checkbox\" name=\"Aceptar\" value=\"1\" class=\"Aceptar\" aria-invalid=\"false\" \/><\/span><\/span><\/span> <\/label>\n<\/p>\n<p><input class=\"wpcf7-form-control wpcf7-submit has-spinner\" type=\"submit\" value=\"Enviar\" \/>\n<\/p><div class=\"wpcf7-response-output\" aria-hidden=\"true\"><\/div>\n<\/form>\n<\/div>\n\n<p>[\/et_pb_toggle][\/et_pb_column][et_pb_column type=\u00bb1_2&#8243; _builder_version=\u00bb4.25.0&#8243; _module_preset=\u00bbdefault\u00bb global_colors_info=\u00bb{}\u00bb][et_pb_toggle title=\u00bbNo tengo contrato\u00bb open_toggle_text_color=\u00bb#194847&#8243; _builder_version=\u00bb4.25.0&#8243; _module_preset=\u00bbdefault\u00bb title_text_color=\u00bb#194847&#8243; title_font=\u00bbMontserrat|700|||||||\u00bb title_font_size=\u00bb20px\u00bb width=\u00bb100%\u00bb custom_margin=\u00bb|-26px||||\u00bb global_colors_info=\u00bb{}\u00bb]<\/p>\n<p>Elaboraci\u00f3n a Terceros de Formulas Magistrales<\/p>\n<p>La Farmacia Laura Mateos est\u00e1 autorizada por la Consejer\u00eda de Sanidad de la Comunidad Aut\u00f3noma de Castilla la Mancha para elaborar a Oficinas de Farmacia cualquier tipo de formulas magistrales, controles de calidad e intermedios de preparaci\u00f3n.<\/p>\n<p>Si desea realizar un contrato de elaboraci\u00f3n a terceros con nosotros, Rellene el siguiente formulario y recibir\u00e1 por email el contrato firmado y sellado por nosotros. Deber\u00e1 imprimir este contrato, firmarlo por el titular de la farmacia y sellarlo, para despu\u00e9s enviarlo por email a la direcci\u00f3n: <a href=\"mailto:farmacialauramateosgrande@gmail.com\">farmacialauramateosgrande@gmail.com<\/a> o bien enviarlo por correo ordinario a <span>C. Campomanes, 95, 13700 Tomelloso, Ciudad Real<\/span><\/p>\n<p>La copia en su poder debe ser archivada para su presentaci\u00f3n en caso de inspecci\u00f3n.<\/p>\n<p>La realizaci\u00f3n del contrato de Elaboraci\u00f3n a Terceros con Farmacia Villaverde es totalmente gratuito y no exclusivo.<\/p>\n\n<div class=\"wpcf7 no-js\" id=\"wpcf7-f285-o2\" lang=\"es-ES\" dir=\"ltr\">\n<div class=\"screen-reader-response\"><p role=\"status\" aria-live=\"polite\" aria-atomic=\"true\"><\/p> <ul><\/ul><\/div>\n<form action=\"\/index.php\/wp-json\/wp\/v2\/pages\/274#wpcf7-f285-o2\" method=\"post\" class=\"wpcf7-form init\" aria-label=\"Formulario de contacto\" novalidate=\"novalidate\" data-status=\"init\">\n<div style=\"display: none;\">\n<input type=\"hidden\" name=\"_wpcf7\" value=\"285\" \/>\n<input type=\"hidden\" name=\"_wpcf7_version\" value=\"5.9.4\" \/>\n<input type=\"hidden\" name=\"_wpcf7_locale\" value=\"es_ES\" \/>\n<input type=\"hidden\" name=\"_wpcf7_unit_tag\" value=\"wpcf7-f285-o2\" \/>\n<input type=\"hidden\" name=\"_wpcf7_container_post\" value=\"0\" \/>\n<input type=\"hidden\" name=\"_wpcf7_posted_data_hash\" value=\"\" \/>\n<\/div>\n<p><label> Nombre<br \/>\n<span class=\"wpcf7-form-control-wrap\" data-name=\"your-last-name\"><input size=\"40\" class=\"wpcf7-form-control wpcf7-text wpcf7-validates-as-required\" autocomplete=\"last-name\" aria-required=\"true\" aria-invalid=\"false\" value=\"\" type=\"text\" name=\"your-last-name\" \/><\/span> <\/label>\n<\/p>\n<p><label> Apellidos<br \/>\n<span class=\"wpcf7-form-control-wrap\" data-name=\"Apellidos\"><input size=\"40\" class=\"wpcf7-form-control wpcf7-text wpcf7-validates-as-required Apellidos\" aria-required=\"true\" aria-invalid=\"false\" value=\"\" type=\"text\" name=\"Apellidos\" \/><\/span> <\/label>\n<\/p>\n<p><label> DNI<br \/>\n<span class=\"wpcf7-form-control-wrap\" data-name=\"your-DNI\"><input size=\"40\" class=\"wpcf7-form-control wpcf7-text wpcf7-validates-as-required\" autocomplete=\"DNI\" aria-required=\"true\" aria-invalid=\"false\" value=\"\" type=\"text\" name=\"your-DNI\" \/><\/span> <\/label>\n<\/p>\n<p><label> SOE<br \/>\n<span class=\"wpcf7-form-control-wrap\" data-name=\"text-795\"><input size=\"40\" class=\"wpcf7-form-control wpcf7-text wpcf7-validates-as-required\" aria-required=\"true\" aria-invalid=\"false\" value=\"\" type=\"text\" name=\"text-795\" \/><\/span> <\/label>\n<\/p>\n<p><label> Tel\u00e9fono<br \/>\n<span class=\"wpcf7-form-control-wrap\" data-name=\"your-telephone\"><input size=\"40\" class=\"wpcf7-form-control wpcf7-text wpcf7-validates-as-required\" autocomplete=\"telephone\" aria-required=\"true\" aria-invalid=\"false\" value=\"\" type=\"text\" name=\"your-telephone\" \/><\/span> <\/label>\n<\/p>\n<p><label> FAX<br \/>\n<span class=\"wpcf7-form-control-wrap\" data-name=\"Fax\"><input size=\"40\" class=\"wpcf7-form-control wpcf7-text Fax\" aria-invalid=\"false\" value=\"\" type=\"text\" name=\"Fax\" \/><\/span> <\/label>\n<\/p>\n<p><label> Correo electr\u00f3nico<br \/>\n<span class=\"wpcf7-form-control-wrap\" data-name=\"your-email\"><input size=\"40\" class=\"wpcf7-form-control wpcf7-email wpcf7-validates-as-required wpcf7-text wpcf7-validates-as-email\" autocomplete=\"email\" aria-required=\"true\" aria-invalid=\"false\" value=\"\" type=\"email\" name=\"your-email\" \/><\/span> <\/label>\n<\/p>\n<p><label> C\u00f3digo postal<br \/>\n<span class=\"wpcf7-form-control-wrap\" data-name=\"Codigopostal\"><input size=\"40\" class=\"wpcf7-form-control wpcf7-text wpcf7-validates-as-required Codigo postal\" aria-required=\"true\" aria-invalid=\"false\" value=\"\" type=\"text\" name=\"Codigopostal\" \/><\/span> <\/label>\n<\/p>\n<p><label> Provincia<br \/>\n<span class=\"wpcf7-form-control-wrap\" data-name=\"Provincia\"><input size=\"40\" class=\"wpcf7-form-control wpcf7-text wpcf7-validates-as-required Provincia\" aria-required=\"true\" aria-invalid=\"false\" value=\"\" type=\"text\" name=\"Provincia\" \/><\/span><\/label>\n<\/p>\n<p><label> Localidad<br \/>\n<span class=\"wpcf7-form-control-wrap\" data-name=\"Localidad\"><input size=\"40\" class=\"wpcf7-form-control wpcf7-text wpcf7-validates-as-required Localidad\" aria-required=\"true\" aria-invalid=\"false\" value=\"\" type=\"text\" name=\"Localidad\" \/><\/span> <\/label>\n<\/p>\n<p><label> Observaciones<br \/>\n<span class=\"wpcf7-form-control-wrap\" data-name=\"textarea-997\"><textarea cols=\"40\" rows=\"10\" class=\"wpcf7-form-control wpcf7-textarea wpcf7-validates-as-required\" aria-required=\"true\" aria-invalid=\"false\" name=\"textarea-997\"><\/textarea><\/span> <\/label>\n<\/p>\n<p><label> He leido y acepto la pol\u00edtica de privacidad<br \/>\n<span class=\"wpcf7-form-control-wrap\" data-name=\"Aceptar\"><span class=\"wpcf7-form-control wpcf7-acceptance optional\"><span class=\"wpcf7-list-item\"><input type=\"checkbox\" name=\"Aceptar\" value=\"1\" class=\"Aceptar\" aria-invalid=\"false\" \/><\/span><\/span><\/span> <\/label>\n<\/p>\n<p><input class=\"wpcf7-form-control wpcf7-submit has-spinner\" type=\"submit\" value=\"Enviar\" \/>\n<\/p><div class=\"wpcf7-response-output\" aria-hidden=\"true\"><\/div>\n<\/form>\n<\/div>\n\n<p>[\/et_pb_toggle][\/et_pb_column][\/et_pb_row][\/et_pb_section]<\/p>\n","protected":false},"excerpt":{"rendered":"<p>Soy FarmaciaPara pedir una f\u00f3rmula magistral para un paciente de su farmacia debe rellenar el formulario de solicitud de f\u00f3rmula magistral proporcionado y adjuntar una copia\/foto de la receta de su paciente. \n<div class=\"wpcf7 no-js\" id=\"wpcf7-f278-o3\" lang=\"es-ES\" dir=\"ltr\">\n<div class=\"screen-reader-response\"><p role=\"status\" aria-live=\"polite\" aria-atomic=\"true\"><\/p> <ul><\/ul><\/div>\n<form action=\"\/index.php\/wp-json\/wp\/v2\/pages\/274#wpcf7-f278-o3\" method=\"post\" class=\"wpcf7-form init\" aria-label=\"Formulario de contacto\" enctype=\"multipart\/form-data\" novalidate=\"novalidate\" data-status=\"init\">\n<div style=\"display: none;\">\n<input type=\"hidden\" name=\"_wpcf7\" value=\"278\" \/>\n<input type=\"hidden\" name=\"_wpcf7_version\" value=\"5.9.4\" \/>\n<input type=\"hidden\" name=\"_wpcf7_locale\" value=\"es_ES\" \/>\n<input type=\"hidden\" name=\"_wpcf7_unit_tag\" value=\"wpcf7-f278-o3\" \/>\n<input type=\"hidden\" name=\"_wpcf7_container_post\" value=\"0\" \/>\n<input type=\"hidden\" name=\"_wpcf7_posted_data_hash\" value=\"\" \/>\n<\/div>\n<p><label> Titular de la farmacia<br \/>\n<span class=\"wpcf7-form-control-wrap\" data-name=\"your-last-name\"><input size=\"40\" class=\"wpcf7-form-control wpcf7-text wpcf7-validates-as-required\" autocomplete=\"last-name\" aria-required=\"true\" aria-invalid=\"false\" value=\"\" type=\"text\" name=\"your-last-name\" \/><\/span> <\/label>\n<\/p>\n<p><label> Apellidos<br \/>\n<span class=\"wpcf7-form-control-wrap\" data-name=\"Apellidos\"><input size=\"40\" class=\"wpcf7-form-control wpcf7-text Apellidos\" aria-invalid=\"false\" value=\"\" type=\"text\" name=\"Apellidos\" \/><\/span> <\/label>\n<\/p>\n<p><label> Persona que hace el encargo<br \/>\n<span class=\"wpcf7-form-control-wrap\" data-name=\"Personaquehaceelencargo\"><input size=\"40\" class=\"wpcf7-form-control wpcf7-text wpcf7-validates-as-required\" aria-required=\"true\" aria-invalid=\"false\" value=\"\" type=\"text\" name=\"Personaquehaceelencargo\" \/><\/span> <\/label>\n<\/p>\n<p><label> Tel\u00e9fono<br \/>\n<span class=\"wpcf7-form-control-wrap\" data-name=\"your-telephone\"><input size=\"40\" class=\"wpcf7-form-control wpcf7-text wpcf7-validates-as-required\" autocomplete=\"telephone\" aria-required=\"true\" aria-invalid=\"false\" value=\"\" type=\"text\" name=\"your-telephone\" \/><\/span> <\/label>\n<\/p>\n<p><label> Tu correo electr\u00f3nico<br \/>\n<span class=\"wpcf7-form-control-wrap\" data-name=\"your-email\"><input size=\"40\" class=\"wpcf7-form-control wpcf7-email wpcf7-validates-as-required wpcf7-text wpcf7-validates-as-email\" autocomplete=\"email\" aria-required=\"true\" aria-invalid=\"false\" value=\"\" type=\"email\" name=\"your-email\" \/><\/span> <\/label>\n<\/p>\n<p><label> C\u00f3digo postal de la farmacia<br \/>\n<span class=\"wpcf7-form-control-wrap\" data-name=\"Codigopostal\"><input size=\"40\" class=\"wpcf7-form-control wpcf7-text wpcf7-validates-as-required Codigo postal\" aria-required=\"true\" aria-invalid=\"false\" value=\"\" type=\"text\" name=\"Codigopostal\" \/><\/span> <\/label>\n<\/p>\n<p><label> Nombre de l paciente<br \/>\n<span class=\"wpcf7-form-control-wrap\" data-name=\"Nombredelpaciente\"><input size=\"40\" class=\"wpcf7-form-control wpcf7-text wpcf7-validates-as-required nombre del paciente\" aria-required=\"true\" aria-invalid=\"false\" value=\"\" type=\"text\" name=\"Nombredelpaciente\" \/><\/span> <\/label>\n<\/p>\n<p><label> A\u00f1o de nacimiento del paciente<br \/>\n<span class=\"wpcf7-form-control-wrap\" data-name=\"your-year-of-birth\"><input size=\"40\" class=\"wpcf7-form-control wpcf7-text wpcf7-validates-as-required\" autocomplete=\"year-of-birth\" aria-required=\"true\" aria-invalid=\"false\" value=\"\" type=\"text\" name=\"your-year-of-birth\" \/><\/span> <\/label>\n<\/p>\n<p><label> DNI del paciente<br \/>\n<span class=\"wpcf7-form-control-wrap\" data-name=\"your-DNI\"><input size=\"40\" class=\"wpcf7-form-control wpcf7-text wpcf7-validates-as-required\" autocomplete=\"DNI\" aria-required=\"true\" aria-invalid=\"false\" value=\"\" type=\"text\" name=\"your-DNI\" \/><\/span> <\/label>\n<\/p>\n<p><label> Nombre del m\u00e9dico<br \/>\n<span class=\"wpcf7-form-control-wrap\" data-name=\"Nombredelmedico\"><input size=\"40\" class=\"wpcf7-form-control wpcf7-text wpcf7-validates-as-required nombre del medico\" aria-required=\"true\" aria-invalid=\"false\" value=\"\" type=\"text\" name=\"Nombredelmedico\" \/><\/span> <\/label>\n<\/p>\n<p><label> N\u00famero de colegiado<br \/>\n<span class=\"wpcf7-form-control-wrap\" data-name=\"Numerocolegiado\"><input size=\"40\" class=\"wpcf7-form-control wpcf7-text Colegiado\" aria-invalid=\"false\" value=\"\" type=\"text\" name=\"Numerocolegiado\" \/><\/span> <\/label>\n<\/p>\n<p><label> Direcci\u00f3n donde ejerce<br \/>\n<span class=\"wpcf7-form-control-wrap\" data-name=\"Direcion\"><input size=\"40\" class=\"wpcf7-form-control wpcf7-text Direccion donde ejerce\" aria-invalid=\"false\" value=\"\" type=\"text\" name=\"Direcion\" \/><\/span> <\/label>\n<\/p>\n<p><label> Cantidad a elaborar o n\u00famero de envases<br \/>\n<span class=\"wpcf7-form-control-wrap\" data-name=\"Cantidad\"><input size=\"40\" class=\"wpcf7-form-control wpcf7-text Cantidad a elaborar\" aria-invalid=\"false\" value=\"\" type=\"text\" name=\"Cantidad\" \/><\/span> <\/label>\n<\/p>\n<p><label> Entrega <\/label>\n<\/p>\n<p><span class=\"wpcf7-form-control-wrap\" data-name=\"checkbox-536\"><span class=\"wpcf7-form-control wpcf7-checkbox wpcf7-validates-as-required\"><span class=\"wpcf7-list-item first\"><label><input type=\"checkbox\" name=\"checkbox-536[]\" value=\"Recogida en farmacia\" \/><span class=\"wpcf7-list-item-label\">Recogida en farmacia<\/span><\/label><\/span><span class=\"wpcf7-list-item\"><label><input type=\"checkbox\" name=\"checkbox-536[]\" value=\"Env\u00edo COFARES\" \/><span class=\"wpcf7-list-item-label\">Env\u00edo COFARES<\/span><\/label><\/span><span class=\"wpcf7-list-item\"><label><input type=\"checkbox\" name=\"checkbox-536[]\" value=\"Env\u00edo HEFAME\" \/><span class=\"wpcf7-list-item-label\">Env\u00edo HEFAME<\/span><\/label><\/span><span class=\"wpcf7-list-item last\"><label><input type=\"checkbox\" name=\"checkbox-536[]\" value=\"Env\u00edo mensajer\u00eda farmacia\" \/><span class=\"wpcf7-list-item-label\">Env\u00edo mensajer\u00eda farmacia<\/span><\/label><\/span><\/span><\/span>\n<\/p>\n<p><label> Observaciones<br \/>\n<span class=\"wpcf7-form-control-wrap\" data-name=\"Observaciones\"><textarea cols=\"40\" rows=\"10\" class=\"wpcf7-form-control wpcf7-textarea Observaciones\" aria-invalid=\"false\" name=\"Observaciones\"><\/textarea><\/span> <\/label>\n<\/p>\n<p><label> Adjuntar receta<br \/>\n<span class=\"wpcf7-form-control-wrap\" data-name=\"file-615\"><input size=\"40\" class=\"wpcf7-form-control wpcf7-file wpcf7-validates-as-required\" accept=\".jpg,.png,.pdf,.xls,.doc\" aria-required=\"true\" aria-invalid=\"false\" type=\"file\" name=\"file-615\" \/><\/span> <\/label>\n<\/p>\n<p><label> He leido y acepto la pol\u00edtica de privacidad<br \/>\n<span class=\"wpcf7-form-control-wrap\" data-name=\"Aceptar\"><span class=\"wpcf7-form-control wpcf7-acceptance optional\"><span class=\"wpcf7-list-item\"><input type=\"checkbox\" name=\"Aceptar\" value=\"1\" class=\"Aceptar\" aria-invalid=\"false\" \/><\/span><\/span><\/span> <\/label>\n<\/p>\n<p><input class=\"wpcf7-form-control wpcf7-submit has-spinner\" type=\"submit\" value=\"Enviar\" \/>\n<\/p><div class=\"wpcf7-response-output\" aria-hidden=\"true\"><\/div>\n<\/form>\n<\/div>\nElaboraci\u00f3n a Terceros de Formulas Magistrales La Farmacia Laura Mateos est\u00e1 autorizada por la Consejer\u00eda de Sanidad de [&hellip;]<\/p>\n","protected":false},"author":1,"featured_media":0,"parent":0,"menu_order":0,"comment_status":"closed","ping_status":"closed","template":"","meta":{"_et_pb_use_builder":"on","_et_pb_old_content":"","_et_gb_content_width":"","inline_featured_image":false,"footnotes":""},"class_list":["post-274","page","type-page","status-publish","hentry"],"_links":{"self":[{"href":"https:\/\/farmacialauramateos.es\/index.php\/wp-json\/wp\/v2\/pages\/274","targetHints":{"allow":["GET"]}}],"collection":[{"href":"https:\/\/farmacialauramateos.es\/index.php\/wp-json\/wp\/v2\/pages"}],"about":[{"href":"https:\/\/farmacialauramateos.es\/index.php\/wp-json\/wp\/v2\/types\/page"}],"author":[{"embeddable":true,"href":"https:\/\/farmacialauramateos.es\/index.php\/wp-json\/wp\/v2\/users\/1"}],"replies":[{"embeddable":true,"href":"https:\/\/farmacialauramateos.es\/index.php\/wp-json\/wp\/v2\/comments?post=274"}],"version-history":[{"count":15,"href":"https:\/\/farmacialauramateos.es\/index.php\/wp-json\/wp\/v2\/pages\/274\/revisions"}],"predecessor-version":[{"id":325,"href":"https:\/\/farmacialauramateos.es\/index.php\/wp-json\/wp\/v2\/pages\/274\/revisions\/325"}],"wp:attachment":[{"href":"https:\/\/farmacialauramateos.es\/index.php\/wp-json\/wp\/v2\/media?parent=274"}],"curies":[{"name":"wp","href":"https:\/\/api.w.org\/{rel}","templated":true}]}}