{"id":254,"date":"2024-05-03T07:33:16","date_gmt":"2024-05-03T07:33:16","guid":{"rendered":"https:\/\/farmacialauramateos.es\/?page_id=254"},"modified":"2025-01-21T10:54:29","modified_gmt":"2025-01-21T10:54:29","slug":"soy-paciente","status":"publish","type":"page","link":"https:\/\/farmacialauramateos.es\/index.php\/soy-paciente\/","title":{"rendered":"Soy Paciente"},"content":{"rendered":"<p>[et_pb_section fb_built=\u00bb1&#8243; _builder_version=\u00bb4.25.0&#8243; _module_preset=\u00bbdefault\u00bb global_colors_info=\u00bb{}\u00bb][et_pb_row _builder_version=\u00bb4.19.2&#8243; _module_preset=\u00bbdefault\u00bb custom_padding=\u00bb||4px|||\u00bb locked=\u00bboff\u00bb global_colors_info=\u00bb{}\u00bb][et_pb_column type=\u00bb4_4&#8243; _builder_version=\u00bb4.19.2&#8243; _module_preset=\u00bbdefault\u00bb global_colors_info=\u00bb{}\u00bb][et_pb_text _builder_version=\u00bb4.25.0&#8243; _module_preset=\u00bb8990b414-c432-4bdf-a082-0b344faebc66&#8243; text_font=\u00bbWork Sans||||||||\u00bb text_text_color=\u00bb#1d78c0&#8243; header_font=\u00bbMontserrat|700|||||||\u00bb header_text_color=\u00bb#1a6b6a\u00bb custom_margin=\u00bb||10px||false|false\u00bb global_colors_info=\u00bb{}\u00bb]<\/p>\n<h1>Soy paciente<\/h1>\n<p>[\/et_pb_text][\/et_pb_column][\/et_pb_row][et_pb_row _builder_version=\u00bb4.25.0&#8243; _module_preset=\u00bbdefault\u00bb global_colors_info=\u00bb{}\u00bb][et_pb_column type=\u00bb4_4&#8243; _builder_version=\u00bb4.25.0&#8243; _module_preset=\u00bbdefault\u00bb global_colors_info=\u00bb{}\u00bb][et_pb_text _builder_version=\u00bb4.25.0&#8243; _module_preset=\u00bbdefault\u00bb global_colors_info=\u00bb{}\u00bb]<\/p>\n<p>Si usted <strong>vive fuera de la Comunidad Aut\u00f3noma de Castilla-La Mancha<\/strong>\u00a0le recomendamos que acuda a cualquier farmacia de su localidad para encargar la medicaci\u00f3n en f\u00f3rmula magistral.<\/p>\n<p>Todas las farmacias est\u00e1n obligadas por Ley a proporcionar el medicamento al paciente tanto si son especialistas en preparaci\u00f3n de medicamentos en f\u00f3rmulas magistrales como si encargan el medicamento a otra farmacia que haga formulaci\u00f3n magistral a terceros.<\/p>\n<p>Si usted vive en la <strong>Comunidad Aut\u00f3noma de Castilla-La Mancha<\/strong>\u00a0y va a venir a encargar su medicaci\u00f3n no olvide traer la receta original. Si por cualquier motivo le es imposible acudir a la farmacia, puede hacer el encargo de su medicaci\u00f3n rellenando el cuestionario colocado m\u00e1s abajo.<\/p>\n<p><strong>PROCEDIMIENTO SOLICITUD DE FORMULA ONLINE<\/strong><\/p>\n<p>Si su m\u00e9dico le ha recetado una f\u00f3rmula magistral, los pasos a seguir son muy sencillos. Para su comodidad puede elegir entre las siguientes opciones:<\/p>\n<p>&nbsp;<\/p>\n<ol>\n<li>Puede traer la receta original directamente a nuestra farmacia. Una vez recibida la receta comienza el proceso de preparaci\u00f3n de su medicaci\u00f3n. Cuando est\u00e9 preparada le avisaremos para la recogida de su medicaci\u00f3n.<\/li>\n<li>Rellene el formulario de petici\u00f3n y adjunte un archivo de la receta escaneada en PDF o fotograf\u00eda con su tel\u00e9fono m\u00f3vil (desde el formulario en la versi\u00f3n m\u00f3vil le permite hacerla) \u00a0\u00a0Comprobado que es correcta la prescripci\u00f3n le avisaremos\u00a0cuando est\u00e9 terminado su medicamento\u00a0en\u00a0su buz\u00f3n de internet, whatsapp, tel\u00e9fono, SMS telef\u00f3nico etc.\u00a0<strong>Recuerde que al venir a recoger su medicaci\u00f3n tiene que traer la RECETA ORIGINAL<\/strong>.<\/li>\n<\/ol>\n<p>&nbsp;<\/p>\n<p>[\/et_pb_text][\/et_pb_column][\/et_pb_row][et_pb_row _builder_version=\u00bb4.25.0&#8243; _module_preset=\u00bbdefault\u00bb background_color=\u00bb#3fc2b8&#8243; custom_padding=\u00bb38px|35px|38px|35px|true|true\u00bb border_radii=\u00bbon|19px|19px|19px|19px\u00bb global_colors_info=\u00bb{}\u00bb][et_pb_column type=\u00bb4_4&#8243; _builder_version=\u00bb4.25.0&#8243; _module_preset=\u00bbdefault\u00bb global_colors_info=\u00bb{}\u00bb][et_pb_text _builder_version=\u00bb4.25.0&#8243; _module_preset=\u00bbdefault\u00bb header_3_font=\u00bbMontserrat||||||||\u00bb header_3_text_color=\u00bb#FFFFFF\u00bb global_colors_info=\u00bb{}\u00bb]<\/p>\n<h3 style=\"text-align: center;\">NO SE ENTREGAR\u00c1 NING\u00daN MEDICAMENTO SIN LA RECETA ORIGINAL QUE QUEDAR\u00c1 EN PODER DE LA FARMACIA PARA SU ARCHIVO<\/h3>\n<h3 style=\"text-align: center;\">(Ley 1718\/2010, de 17 diciembre, de Receta M\u00e9dica)<\/h3>\n<p>[\/et_pb_text][\/et_pb_column][\/et_pb_row][\/et_pb_section][et_pb_section fb_built=\u00bb1&#8243; _builder_version=\u00bb4.25.0&#8243; _module_preset=\u00bbdefault\u00bb custom_padding=\u00bb0px|||||\u00bb global_colors_info=\u00bb{}\u00bb][et_pb_row _builder_version=\u00bb4.25.0&#8243; _module_preset=\u00bbdefault\u00bb hover_enabled=\u00bb0&#8243; global_colors_info=\u00bb{}\u00bb sticky_enabled=\u00bb0&#8243;][et_pb_column type=\u00bb4_4&#8243; _builder_version=\u00bb4.25.0&#8243; _module_preset=\u00bbdefault\u00bb global_colors_info=\u00bb{}\u00bb][dvppl_cf7_styler form_bg=\u00bbRGBA(255,255,255,0)\u00bb form_padding=\u00bb0px|0px|0px|0px|false|false\u00bb cf7=\u00bb185&#8243; form_background_color=\u00bb#f1fcfa\u00bb form_field_spacing=\u00bb22px\u00bb form_label_spacing=\u00bb8px\u00bb _builder_version=\u00bb4.25.0&#8243; _module_preset=\u00bbdefault\u00bb form_field_font_font=\u00bbMontserrat|700|||||||\u00bb form_field_font_text_color=\u00bb#1c8582&#8243; custom_submit_button=\u00bbon\u00bb submit_button_text_size=\u00bb26px\u00bb submit_button_bg_color=\u00bb#1c8582&#8243; submit_button_border_width=\u00bb0px\u00bb submit_button_font=\u00bbMontserrat||||||||\u00bb hover_enabled=\u00bb0&#8243; border_color_all_field=\u00bb#1c8582&#8243; global_colors_info=\u00bb{}\u00bb border_width_all_field__hover_enabled=\u00bbon|desktop\u00bb sticky_enabled=\u00bb0&#8243;][\/dvppl_cf7_styler][et_pb_text _builder_version=\u00bb4.25.0&#8243; _module_preset=\u00bbdefault\u00bb header_font=\u00bbMontserrat||||||||\u00bb header_3_font=\u00bbMontserrat|700|||||||\u00bb header_3_text_color=\u00bb#1c8582&#8243; custom_margin=\u00bb61px||||false|false\u00bb locked=\u00bboff\u00bb global_colors_info=\u00bb{}\u00bb]<\/p>\n<h3 class=\"vc_custom_heading\">DATOS OBLIGATORIOS DE LA RECETA MEDICA:<\/h3>\n<div class=\"wpb_text_column wpb_content_element \">\n<div class=\"wpb_wrapper\">\n<p>Los datos que debe contener la receta m\u00e9dica son los siguientes:<\/p>\n<ul>\n<li><strong>Datos del paciente<\/strong>: Nombre y dos apellidos del paciente, su a\u00f1o de nacimiento, DNI. Es recomendable a\u00f1adir el\u00a0buz\u00f3n de internet o un tel\u00e9fono de contacto.<\/li>\n<li><strong>Datos del m\u00e9dico<\/strong>: Nombre y apellidos, n\u00famero de colegiado, lugar donde ejerce, tel\u00e9fono de contacto (por si hay dudas en la prescripci\u00f3n), firma.<\/li>\n<li><strong>Datos del medicamento<\/strong>:\n<ul>\n<li>Denominaci\u00f3n del\/los principio\/s activo\/s y concentraciones de cada uno<\/li>\n<li>Forma farmac\u00e9utica<\/li>\n<li>V\u00eda o forma de administraci\u00f3n, en caso necesario.<\/li>\n<li>Cantidad a elaborar en peso o volumen.<\/li>\n<li>Posolog\u00eda y duraci\u00f3n total del tratamiento.<\/li>\n<\/ul>\n<\/li>\n<\/ul>\n<\/div>\n<\/div>\n<p>[\/et_pb_text][\/et_pb_column][\/et_pb_row][\/et_pb_section]<\/p>\n","protected":false},"excerpt":{"rendered":"<p>Soy pacienteSi usted vive fuera de la Comunidad Aut\u00f3noma de Castilla-La Mancha\u00a0le recomendamos que acuda a cualquier farmacia de su localidad para encargar la medicaci\u00f3n en f\u00f3rmula magistral. Todas las farmacias est\u00e1n obligadas por Ley a proporcionar el medicamento al paciente tanto si son especialistas en preparaci\u00f3n de medicamentos en f\u00f3rmulas magistrales como si encargan [&hellip;]<\/p>\n","protected":false},"author":1,"featured_media":0,"parent":0,"menu_order":0,"comment_status":"closed","ping_status":"closed","template":"","meta":{"_et_pb_use_builder":"on","_et_pb_old_content":"","_et_gb_content_width":"","inline_featured_image":false,"footnotes":""},"class_list":["post-254","page","type-page","status-publish","hentry"],"_links":{"self":[{"href":"https:\/\/farmacialauramateos.es\/index.php\/wp-json\/wp\/v2\/pages\/254","targetHints":{"allow":["GET"]}}],"collection":[{"href":"https:\/\/farmacialauramateos.es\/index.php\/wp-json\/wp\/v2\/pages"}],"about":[{"href":"https:\/\/farmacialauramateos.es\/index.php\/wp-json\/wp\/v2\/types\/page"}],"author":[{"embeddable":true,"href":"https:\/\/farmacialauramateos.es\/index.php\/wp-json\/wp\/v2\/users\/1"}],"replies":[{"embeddable":true,"href":"https:\/\/farmacialauramateos.es\/index.php\/wp-json\/wp\/v2\/comments?post=254"}],"version-history":[{"count":13,"href":"https:\/\/farmacialauramateos.es\/index.php\/wp-json\/wp\/v2\/pages\/254\/revisions"}],"predecessor-version":[{"id":334,"href":"https:\/\/farmacialauramateos.es\/index.php\/wp-json\/wp\/v2\/pages\/254\/revisions\/334"}],"wp:attachment":[{"href":"https:\/\/farmacialauramateos.es\/index.php\/wp-json\/wp\/v2\/media?parent=254"}],"curies":[{"name":"wp","href":"https:\/\/api.w.org\/{rel}","templated":true}]}}