{"id":135,"date":"2023-08-07T09:43:54","date_gmt":"2023-08-07T09:43:54","guid":{"rendered":"https:\/\/farmacialauramateos.es\/?page_id=135"},"modified":"2024-05-08T11:37:18","modified_gmt":"2024-05-08T11:37:18","slug":"formulacion-magistral","status":"publish","type":"page","link":"https:\/\/farmacialauramateos.es\/index.php\/formulacion-magistral\/","title":{"rendered":"Formulaci\u00f3n magistral"},"content":{"rendered":"<p>[et_pb_section fb_built=\u00bb1&#8243; _builder_version=\u00bb4.20.2&#8243; _module_preset=\u00bbdefault\u00bb global_colors_info=\u00bb{}\u00bb][et_pb_row _builder_version=\u00bb4.20.2&#8243; _module_preset=\u00bbdefault\u00bb global_colors_info=\u00bb{}\u00bb][et_pb_column type=\u00bb4_4&#8243; _builder_version=\u00bb4.20.2&#8243; _module_preset=\u00bbdefault\u00bb global_colors_info=\u00bb{}\u00bb][et_pb_text _builder_version=\u00bb4.25.0&#8243; _module_preset=\u00bbdefault\u00bb text_font=\u00bbMontserrat||||||||\u00bb text_text_color=\u00bb#000000&#8243; text_font_size=\u00bb22px\u00bb header_font=\u00bbMontserrat|700|||||||\u00bb header_text_color=\u00bb#1a6b6a\u00bb header_font_size=\u00bb47px\u00bb global_colors_info=\u00bb{}\u00bb]<\/p>\n<h1 style=\"text-align: center;\">Formulaci\u00f3n Magistral<\/h1>\n<p>[\/et_pb_text][\/et_pb_column][\/et_pb_row][et_pb_row column_structure=\u00bb1_2,1_2&#8243; _builder_version=\u00bb4.25.0&#8243; _module_preset=\u00bbdefault\u00bb global_colors_info=\u00bb{}\u00bb][et_pb_column type=\u00bb1_2&#8243; _builder_version=\u00bb4.20.2&#8243; _module_preset=\u00bbdefault\u00bb global_colors_info=\u00bb{}\u00bb][et_pb_image src=\u00bbhttps:\/\/farmacialauramateos.es\/wp-content\/uploads\/2023\/08\/LMG0423-scaled.jpg\u00bb alt=\u00bbSe ver\u00eda una farmac\u00e9utica mirando medicamentos\u00bb title_text=\u00bb_LMG0423&#8243; _builder_version=\u00bb4.20.2&#8243; _module_preset=\u00bbdefault\u00bb global_colors_info=\u00bb{}\u00bb][\/et_pb_image][\/et_pb_column][et_pb_column type=\u00bb1_2&#8243; _builder_version=\u00bb4.25.0&#8243; _module_preset=\u00bbdefault\u00bb custom_padding=\u00bb66px||||false|false\u00bb global_colors_info=\u00bb{}\u00bb][et_pb_text _builder_version=\u00bb4.20.2&#8243; _module_preset=\u00bbdefault\u00bb global_colors_info=\u00bb{}\u00bb]<\/p>\n<p><span>En la\u00a0<\/span><strong>Farmacia Laura Mateos<\/strong><span>\u00a0estamos especializados en la elaboraci\u00f3n de medicamentos individualizados (F\u00f3rmulas Magistrales) los cuales son prescritos por m\u00e9dicos, odont\u00f3logos, veterinarios y pod\u00f3logos as\u00ed como en la elaboraci\u00f3n propia de medicamentos que no precisan prescripci\u00f3n facultativa, como son los Preparados Oficinales, descritos en el Formulario Nacional.<br \/>Trabajamos directamente con clientes de nuestra farmacia y tambi\u00e9n ofrecemos este servicio a otras farmacias que a\u00fan no lo tienen.<br \/><\/span><\/p>\n<p>[\/et_pb_text][\/et_pb_column][\/et_pb_row][et_pb_row column_structure=\u00bb1_3,1_3,1_3&#8243; _builder_version=\u00bb4.25.0&#8243; _module_preset=\u00bbdefault\u00bb max_width=\u00bbnone\u00bb global_colors_info=\u00bb{}\u00bb][et_pb_column type=\u00bb1_3&#8243; _builder_version=\u00bb4.20.2&#8243; _module_preset=\u00bbdefault\u00bb global_colors_info=\u00bb{}\u00bb][et_pb_image src=\u00bbhttps:\/\/farmacialauramateos.es\/wp-content\/uploads\/2023\/08\/LMG0356-scaled.jpg\u00bb alt=\u00bbFarmac\u00e9utica entreg\u00e1ndole un producto a un cliente\u00bb title_text=\u00bb_LMG0356&#8243; _builder_version=\u00bb4.20.2&#8243; _module_preset=\u00bbdefault\u00bb global_colors_info=\u00bb{}\u00bb][\/et_pb_image][et_pb_text _builder_version=\u00bb4.20.2&#8243; _module_preset=\u00bbdefault\u00bb text_font=\u00bb|600|||||||\u00bb text_font_size=\u00bb19px\u00bb header_font=\u00bb|600|||||||\u00bb header_text_color=\u00bb#000000&#8243; global_colors_info=\u00bb{}\u00bb]<\/p>\n<p style=\"text-align: center;\"><span>\u00bfEres un paciente y te han<\/span><br \/><span>prescrito una F\u00f3rmula Magistral?<\/span><\/p>\n<p>[\/et_pb_text][et_pb_button button_url=\u00bb@ET-DC@eyJkeW5hbWljIjp0cnVlLCJjb250ZW50IjoicG9zdF9saW5rX3VybF9wYWdlIiwic2V0dGluZ3MiOnsicG9zdF9pZCI6IjI1NCJ9fQ==@\u00bb button_text=\u00bbContactar\u00bb button_alignment=\u00bbcenter\u00bb _builder_version=\u00bb4.25.0&#8243; _module_preset=\u00bbdefault\u00bb custom_button=\u00bbon\u00bb button_text_color=\u00bb#000000&#8243; button_bg_color=\u00bb#7fded4&#8243; button_border_radius=\u00bb23px\u00bb hover_enabled=\u00bb0&#8243; global_colors_info=\u00bb{}\u00bb _dynamic_attributes=\u00bbbutton_url\u00bb sticky_enabled=\u00bb0&#8243;][\/et_pb_button][\/et_pb_column][et_pb_column type=\u00bb1_3&#8243; _builder_version=\u00bb4.20.2&#8243; _module_preset=\u00bbdefault\u00bb global_colors_info=\u00bb{}\u00bb][et_pb_image src=\u00bbhttps:\/\/farmacialauramateos.es\/wp-content\/uploads\/2023\/08\/FAR_0174-scaled.jpg\u00bb alt=\u00bbSe veria al equipo de la farmacia\u00bb title_text=\u00bbFAR_0174&#8243; _builder_version=\u00bb4.20.2&#8243; _module_preset=\u00bbdefault\u00bb global_colors_info=\u00bb{}\u00bb][\/et_pb_image][et_pb_text _builder_version=\u00bb4.20.2&#8243; _module_preset=\u00bbdefault\u00bb text_font=\u00bb|600|||||||\u00bb text_font_size=\u00bb19px\u00bb header_font=\u00bb|600|||||||\u00bb header_text_color=\u00bb#000000&#8243; global_colors_info=\u00bb{}\u00bb]<\/p>\n<p style=\"text-align: center;\">\u00bfEres una Farmacia y<br \/>necesitas una f\u00f3rmula magistral?<\/p>\n<p>[\/et_pb_text][et_pb_button button_url=\u00bb@ET-DC@eyJkeW5hbWljIjp0cnVlLCJjb250ZW50IjoicG9zdF9saW5rX3VybF9wYWdlIiwic2V0dGluZ3MiOnsicG9zdF9pZCI6IjI3NCJ9fQ==@\u00bb button_text=\u00bbContactar\u00bb button_alignment=\u00bbcenter\u00bb _builder_version=\u00bb4.25.0&#8243; _module_preset=\u00bbdefault\u00bb custom_button=\u00bbon\u00bb button_text_color=\u00bb#000000&#8243; button_bg_color=\u00bb#7fded4&#8243; button_border_radius=\u00bb23px\u00bb hover_enabled=\u00bb0&#8243; global_colors_info=\u00bb{}\u00bb sticky_enabled=\u00bb0&#8243; _dynamic_attributes=\u00bbbutton_url\u00bb][\/et_pb_button][\/et_pb_column][et_pb_column type=\u00bb1_3&#8243; _builder_version=\u00bb4.20.2&#8243; _module_preset=\u00bbdefault\u00bb global_colors_info=\u00bb{}\u00bb][et_pb_image src=\u00bbhttps:\/\/farmacialauramateos.es\/wp-content\/uploads\/2023\/08\/LMG0387-scaled.jpg\u00bb alt=\u00bbSe ver\u00eda a una farmac\u00e9utica poniendo un producto en una estanter\u00eda\u00bb title_text=\u00bb_LMG0387&#8243; _builder_version=\u00bb4.20.2&#8243; _module_preset=\u00bbdefault\u00bb global_colors_info=\u00bb{}\u00bb][\/et_pb_image][et_pb_text _builder_version=\u00bb4.25.0&#8243; _module_preset=\u00bbdefault\u00bb text_font=\u00bb||||||||\u00bb text_text_color=\u00bb#000000&#8243; text_font_size=\u00bb15px\u00bb text_line_height=\u00bb1.4em\u00bb header_font=\u00bb|700|||||||\u00bb header_text_color=\u00bb#000000&#8243; header_4_font=\u00bb|600|||||||\u00bb header_4_text_color=\u00bb#4c4c4c\u00bb global_colors_info=\u00bb{}\u00bb]<\/p>\n<h4 style=\"text-align: center;\"><span>\u00bfEres m\u00e9dico, enfermero, veterinario u odont\u00f3logo y tienes dudas sobre un medicamento individualizado o una f\u00f3rmula magistral? <\/span><\/h4>\n<p style=\"text-align: center;\"><span>Podemos ayudarte. M\u00e1ndanos un correo a <\/span><a target=\"_blank\" href=\"mailto:farmacialauramateosgrande@gmail.com\" rel=\"noreferrer noopener\">farmacialauramateosgrande@gmail.com<\/a><span>\u00a0con el asunto \u00abdudas formulaci\u00f3n magistral\u00bb y te responderemos a la mayor brevedad posible)<\/span><\/p>\n<p>[\/et_pb_text][\/et_pb_column][\/et_pb_row][\/et_pb_section]<\/p>\n","protected":false},"excerpt":{"rendered":"<p>Formulaci\u00f3n MagistralEn la\u00a0Farmacia Laura Mateos\u00a0estamos especializados en la elaboraci\u00f3n de medicamentos individualizados (F\u00f3rmulas Magistrales) los cuales son prescritos por m\u00e9dicos, odont\u00f3logos, veterinarios y pod\u00f3logos as\u00ed como en la elaboraci\u00f3n propia de medicamentos que no precisan prescripci\u00f3n facultativa, como son los Preparados Oficinales, descritos en el Formulario Nacional.Trabajamos directamente con clientes de nuestra farmacia y tambi\u00e9n [&hellip;]<\/p>\n","protected":false},"author":1,"featured_media":0,"parent":0,"menu_order":0,"comment_status":"closed","ping_status":"closed","template":"","meta":{"_et_pb_use_builder":"on","_et_pb_old_content":"","_et_gb_content_width":"","inline_featured_image":false,"footnotes":""},"class_list":["post-135","page","type-page","status-publish","hentry"],"_links":{"self":[{"href":"https:\/\/farmacialauramateos.es\/index.php\/wp-json\/wp\/v2\/pages\/135","targetHints":{"allow":["GET"]}}],"collection":[{"href":"https:\/\/farmacialauramateos.es\/index.php\/wp-json\/wp\/v2\/pages"}],"about":[{"href":"https:\/\/farmacialauramateos.es\/index.php\/wp-json\/wp\/v2\/types\/page"}],"author":[{"embeddable":true,"href":"https:\/\/farmacialauramateos.es\/index.php\/wp-json\/wp\/v2\/users\/1"}],"replies":[{"embeddable":true,"href":"https:\/\/farmacialauramateos.es\/index.php\/wp-json\/wp\/v2\/comments?post=135"}],"version-history":[{"count":7,"href":"https:\/\/farmacialauramateos.es\/index.php\/wp-json\/wp\/v2\/pages\/135\/revisions"}],"predecessor-version":[{"id":313,"href":"https:\/\/farmacialauramateos.es\/index.php\/wp-json\/wp\/v2\/pages\/135\/revisions\/313"}],"wp:attachment":[{"href":"https:\/\/farmacialauramateos.es\/index.php\/wp-json\/wp\/v2\/media?parent=135"}],"curies":[{"name":"wp","href":"https:\/\/api.w.org\/{rel}","templated":true}]}}